{"id":1902,"date":"2018-03-17T22:44:40","date_gmt":"2018-03-17T21:44:40","guid":{"rendered":"https:\/\/www.anwaltsgebot.de\/berlin\/nutzungsbedingungen-fuer-rechtsuchende\/"},"modified":"2024-03-28T20:18:32","modified_gmt":"2024-03-28T19:18:32","slug":"nutzungsbedingungen-fuer-rechtsuchende","status":"publish","type":"page","link":"https:\/\/www.anwaltsprodukt.de\/berlin\/nutzungsbedingungen-fuer-rechtsuchende\/","title":{"rendered":"Nutzungsbedingungen f\u00fcr Rechtsuchende"},"content":{"rendered":"<div class=\"pdfprnt-buttons pdfprnt-buttons-page pdfprnt-top-right\"><a href=\"javascript: imageToPdf()\" class=\"pdfprnt-button pdfprnt-button-pdf\" target=\"_self\"><img decoding=\"async\" src=\"https:\/\/www.anwaltsprodukt.de\/berlin\/wp-content\/plugins\/pdf-print\/images\/pdf.png\" alt=\"image_pdf\" title=\"Download PDF\" \/><\/a><\/div><h3><strong>Nutzungsbedingungen f\u00fcr Rechtsuchende<\/strong><\/h3>\n<p><em>Sie k\u00f6nnen diese Nutzungsbedingungen speichern, indem Sie die obige PDF-Download-Funktion nutzen (da ein umfassender Screenshot der Website erstellt wird, kann dies &#8211; browserabh\u00e4ngig &#8211; \u00fcber eine Minute dauern) oder die f\u00fcrs Speichern vorgesehenen Funktionen Ihres Internet-Browsers (Chrome, Firefox, Internet Explorer, Safari etc.), alternativ die Funktionen &#8220;Markieren&#8221;, &#8220;Kopieren&#8221; und &#8220;Einf\u00fcgen in Textdokument&#8221; (&#8220;Copy and Paste&#8221;),\u00a0 nutzen oder diese Nutzungsbedingungen ausdrucken.<\/em><\/p>\n<p><strong>1.<\/strong> <strong>Anbieter der Plattform www.anwaltsprodukt.de und ihrer Unterseiten \/ Inhalt des Dienstes \/ kein Online-Anwaltsvertrag<br \/>\n<\/strong><\/p>\n<p>1.1 Betreiberin der Plattform www.anwaltsprodukt.de und ihrer Unterseiten (wie www.anwaltsprodukt.de\/berlin) ist die anwaltsgebot.de UG (haftungsbeschr\u00e4nkt), Torstra\u00dfe 97, 10119 Berlin (nachfolgend anwaltsgebot.de genannt).<\/p>\n<p>1.2 anwaltsgebot.de bietet Anwaltskanzleien, Anw\u00e4ltinnen und Anw\u00e4lten, Anwaltssozie\u00e4ten und Anwaltsgesellschaften eine technische Plattform zur Ver\u00f6ffentlichung von Rechtsdienstleistungsangeboten (\u201eAnwaltsprodukte\u201c), ohne sich deren Ver\u00f6ffentlichungen zu Eigen zu machen.<\/p>\n<p>1.3 Die Anwaltsgebote sind keine Angebote auf Abschluss eines Vertrages, sondern lediglich Einladungen an die Rechtsuchenden zur Kontaktaufnahme, um im Regelfall nach Absprache von Termin und Ort einen Anwaltsvertrag am Kanzleisitz zu schlie\u00dfen.<\/p>\n<p><strong>1.4 Ein Vertragsschluss zwischen Rechtsuchendem und Anwalt erfolgt \u00fcber die Plattform www.anwaltsprodukt.de und ihre Unterseiten nicht.<\/strong><\/p>\n<p>&nbsp;<\/p>\n<p><strong>2. Selbstbeschreibung der Anwaltskanzleien<\/strong><\/p>\n<p>Bei den Kanzleiprofilen und Anwaltsprodukten handelt es sich um Selbstbeschreibungen der Anwaltskanzleien.<\/p>\n<p><strong><br \/>\n3. Kostenlose Nutzung<\/strong><\/p>\n<p>Die Nutzung der Plattform www.anwaltsprodukt.de und ihrer Unterseiten ist f\u00fcr den Rechtsuchenden kostenlos.<\/p>\n<p><strong><br \/>\n4. Werbung und kommerzielle Kommunikation<\/strong><\/p>\n<p>4.1 Anzeigen werden allen Rechtsuchenden gleichm\u00e4\u00dfig angezeigt. Dies kann auch nicht ge\u00e4ndert werden.<\/p>\n<p>4.2 Insbesondere verwenden wir im Zusammenhang mit Werbung kein Profiling.<\/p>\n<p>4.3 Bei den von den Anwaltskanzleien einstellbaren Inhalten (Kanzleiprofil, Anwaltsgebote) handelt es sich ausschlie\u00dflich um kommerzielle Kommunikation.<\/p>\n<p><strong><br \/>\n5. <\/strong><strong>Verantwortlichkeit f\u00fcr Kanzleiprofile und Anwaltsprodukte<\/strong><\/p>\n<p>5.1 F\u00fcr die eingestellten Kanzleiprofile und Anwaltsprodukte sind ausschlie\u00dflich die Anwaltskanzleien, Anw\u00e4ltinnen und Anw\u00e4lte, Anwaltssozie\u00e4ten und Anwaltsgesellschaften, die als Anbieter des jeweiligen Kanzleiprofils oder Anwaltsprodukts angegeben sind, inhaltlich und rechtlich verantwortlich.<\/p>\n<p>5.2 anwaltsgebot.de ist nur technischer Portalbetreiber.<br \/>\n<br id=\"ranking\" \/><strong><br \/>\n6. Ranking der Anwaltsprodukte<\/strong><\/p>\n<p>6.1 In der Rubrik Anwaltsprodukte nach Rechtsgebiet (&#8220;Alle Anwaltsprodukte&#8221;) und bei der Anwaltsprodukts-Suche (&#8220;Suchen &gt;&gt; Anwaltsprodukte&#8221;) werden die Anwaltsprodukte standardm\u00e4\u00dfig per Zufallsauswahl gelistet.<\/p>\n<p>6.2 Dies dient dazu, allen Anwaltsprodukten die Chance gleicher Sichtbarkeit zu gew\u00e4hren.<\/p>\n<p>6.3 Unter &#8220;Letzte Anwaltsprodukte&#8221; werden die Anwaltsprodukte, von oben (neuer) nach unten (\u00e4lter), in der zeitlichen Reihenfolge der Ersteinstellung gelistet.<\/p>\n<p><strong><br \/>\n7. Verf\u00fcgbarkeit der Plattform www.anwaltsprodukt.de und ihrer Unterseiten<\/strong><\/p>\n<p>7.1 anwaltsgebot.de beh\u00e4lt sich vor, den Dienst aus technischen Gr\u00fcnden aufgrund von Wartungs-, Optimierungs- und Instandsetzungsarbeiten zeitweise (maximal aber im Umfang von 1,5 Prozent im Jahresmittel) nicht zu erbringen.<\/p>\n<p>7.2 Der Dienst wird \u00fcber Server erbracht, die an das Internet angeschlossen sind.\u00a0 Daher k\u00f6nnen z.B. aufgrund der technischen Gegebenheiten des Internets oder h\u00f6herer Gewalt weitere Einschr\u00e4nkungen oder Beeintr\u00e4chtigungen des Dienstes bestehen, die au\u00dferhalb des Einflussbereichs von\u00a0\u00a0anwaltsgebot.de liegen.<\/p>\n<p><strong><br \/>\n8. \u00c4nderung und Einstellung des Dienstes<\/strong><\/p>\n<p>Die Dienste der Plattform www.anwaltsprodukt.de und ihrer Unterseiten entwickeln sich fort und k\u00f6nnen sich daher von Zeit zu Zeit ver\u00e4ndern &#8211; so k\u00f6nnen beispielsweise Strukturen angepasst oder einzelne Funktionen und Features des Dienstes hinzugef\u00fcgt, \u00a0entfernt oder ge\u00e4ndert werden oder der Dienst als solcher eingestellt werden.<\/p>\n<p><strong><br \/>\n9. Haftungsbeschr\u00e4nkung<\/strong><\/p>\n<p>9.1 anwaltsgebot.de haftet maximal nach den gesetzlichen Vorschriften. Im Falle leichter Fahrl\u00e4ssigkeit haftet anwaltsgebot.de\u00a0 (sofern eine Haftung f\u00fcr leichte Fahrl\u00e4ssigkeit gesetzlich vorgesehen ist) nur bei Verletzung wesentlicher Vertragspflichten (das sind solche Pflichten, deren Erf\u00fcllung die ordnungsgem\u00e4\u00dfe Durchf\u00fchrung des Vertrages \u00fcberhaupt erst erm\u00f6glicht, deren Verletzung die Erreichung des Vertragszwecks gef\u00e4hrdet und auf deren Einhaltung der Vertragspartner regelm\u00e4\u00dfig vertraut). Hierbei ist die Haftung auf die zum Zeitpunkt des Vertragsschlusses, aus der Sicht eines vern\u00fcnftigen Dritten, in der Lage von anwaltsgebot.de, voraussehbaren vertragstypischen Sch\u00e4den beschr\u00e4nkt.<\/p>\n<p>9.2 Die Haftungsbeschr\u00e4nkungen gelten auch im Falle des Verschuldens eines gesetzlichen Vertreters oder Erf\u00fcllungsgehilfen von anwaltsgebot.de.<\/p>\n<p>9.3 Die Haftung f\u00fcr Vorsatz und grobe Fahrl\u00e4ssigkeit bleibt unber\u00fchrt.<\/p>\n<p>9.4 Die Haftung f\u00fcr Sch\u00e4den aus der Verletzung des Lebens, des K\u00f6rpers oder der Gesundheit\u00a0 oder nach Ma\u00dfgabe des Produkthaftungsgesetzes oder sofern Zusicherungen oder sonstige Garantien betroffen sind,\u00a0 bleibt unber\u00fchrt.<\/p>\n<p><strong><br \/>\n10.<\/strong> <strong>Schlussbestimmung<\/strong><\/p>\n<p>Sollten einzelne Bestimmungen dieser Nutzungsbedingungen ganz oder teilweise gegen zwingendes Recht versto\u00dfen oder aus anderen Gr\u00fcnden nichtig oder unwirksam sein, so bleibt die G\u00fcltigkeit der \u00fcbrigen Bestimmungen unber\u00fchrt.<\/p>\n","protected":false},"excerpt":{"rendered":"Nutzungsbedingungen f\u00fcr Rechtsuchende Sie k\u00f6nnen diese Nutzungsbedingungen speichern, indem Sie die obige PDF-Download-Funktion nutzen (da ein umfassender Screenshot der Website erstellt wird, kann dies &#8211; browserabh\u00e4ngig &#8211; \u00fcber eine Minute dauern) oder die f\u00fcrs Speichern vorgesehenen Funktionen Ihres Internet-Browsers (Chrome, Firefox, Internet Explorer, Safari etc.), alternativ die Funktionen &#8220;Markieren&#8221;, &#8220;Kopieren&#8221; und &#8220;Einf\u00fcgen in Textdokument&#8221; (&#8220;Copy&hellip;\n","protected":false},"author":7,"featured_media":0,"parent":0,"menu_order":0,"comment_status":"closed","ping_status":"closed","template":"","meta":{"footnotes":""},"wps_subtitle":"","_links":{"self":[{"href":"https:\/\/www.anwaltsprodukt.de\/berlin\/wp-json\/wp\/v2\/pages\/1902"}],"collection":[{"href":"https:\/\/www.anwaltsprodukt.de\/berlin\/wp-json\/wp\/v2\/pages"}],"about":[{"href":"https:\/\/www.anwaltsprodukt.de\/berlin\/wp-json\/wp\/v2\/types\/page"}],"author":[{"embeddable":true,"href":"https:\/\/www.anwaltsprodukt.de\/berlin\/wp-json\/wp\/v2\/users\/7"}],"replies":[{"embeddable":true,"href":"https:\/\/www.anwaltsprodukt.de\/berlin\/wp-json\/wp\/v2\/comments?post=1902"}],"version-history":[{"count":26,"href":"https:\/\/www.anwaltsprodukt.de\/berlin\/wp-json\/wp\/v2\/pages\/1902\/revisions"}],"predecessor-version":[{"id":3319,"href":"https:\/\/www.anwaltsprodukt.de\/berlin\/wp-json\/wp\/v2\/pages\/1902\/revisions\/3319"}],"wp:attachment":[{"href":"https:\/\/www.anwaltsprodukt.de\/berlin\/wp-json\/wp\/v2\/media?parent=1902"}],"curies":[{"name":"wp","href":"https:\/\/api.w.org\/{rel}","templated":true}]}}