{"id":2768,"date":"2020-07-05T22:33:30","date_gmt":"2020-07-05T20:33:30","guid":{"rendered":"https:\/\/www.anwaltsgebot.de\/berlin\/cookie-richtlinie\/"},"modified":"2023-06-22T22:09:27","modified_gmt":"2023-06-22T20:09:27","slug":"cookie-richtlinie","status":"publish","type":"page","link":"https:\/\/www.anwaltsprodukt.de\/berlin\/cookie-richtlinie\/","title":{"rendered":"Cookie-Richtlinie"},"content":{"rendered":"<div class=\"pdfprnt-buttons pdfprnt-buttons-page pdfprnt-top-right\"><a href=\"javascript: imageToPdf()\" class=\"pdfprnt-button pdfprnt-button-pdf\" target=\"_self\"><img decoding=\"async\" src=\"https:\/\/www.anwaltsprodukt.de\/berlin\/wp-content\/plugins\/pdf-print\/images\/pdf.png\" alt=\"image_pdf\" title=\"Download PDF\" \/><\/a><\/div><p><br id=\"cookies\"><\/p>\n<h3>Cookie-Richtlinie<\/h3>\n<p><strong>Wir verwenden &#8220;Wordpress-Cookies&#8221; f\u00fcr die Bereitstellung von Funktionen f\u00fcr registrierte Nutzer (essentielle Cookies):<\/strong><\/p>\n\n<table id=\"tablepress-3\" class=\"tablepress tablepress-id-3\">\n<thead>\n<tr class=\"row-1 odd\">\n\t<th class=\"column-1\">Name<\/th><th class=\"column-2\">Funktion<\/th><th class=\"column-3\">Dauer<\/th><th class=\"column-4\">Drittzugriff<\/th>\n<\/tr>\n<\/thead>\n<tbody class=\"row-hover\">\n<tr class=\"row-2 even\">\n\t<td class=\"column-1\">wordpress_logged_in_[hash]<\/td><td class=\"column-2\">pr\u00fcft, ob Nutzer und welcher Nutzer eingeloggt ist und h\u00e4lt Nutzer w\u00e4hrend einer Sitzung eingeloggt<\/td><td class=\"column-3\">Sitzungsende<\/td><td class=\"column-4\">nein<\/td>\n<\/tr>\n<tr class=\"row-3 odd\">\n\t<td class=\"column-1\">wordpress_sec_[hash]<\/td><td class=\"column-2\">best\u00e4tigt die erfolgreiche Authentifizierung des Nutzers \u00fcber eine verschl\u00fcsselte Verbindung<\/td><td class=\"column-3\">Sitzungsende<\/td><td class=\"column-4\">nein<\/td>\n<\/tr>\n<tr class=\"row-4 even\">\n\t<td class=\"column-1\">wordpress_test_cookie<\/td><td class=\"column-2\">pr\u00fcft, ob Cookies gesetzt werden k\u00f6nnen<\/td><td class=\"column-3\">Sitzungsende<\/td><td class=\"column-4\">nein<\/td>\n<\/tr>\n<\/tbody>\n<\/table>\n<!-- #tablepress-3 from cache -->\n<p>&nbsp;<\/p>\n<p><a href=\"..\/datenschutzerklaerung\/#cookies\"><strong>Zur\u00fcck<\/strong><\/a><\/p>\n","protected":false},"excerpt":{"rendered":"Cookie-Richtlinie Wir verwenden &#8220;Wordpress-Cookies&#8221; f\u00fcr die Bereitstellung von Funktionen f\u00fcr registrierte Nutzer (essentielle Cookies): &nbsp; Zur\u00fcck\n","protected":false},"author":83,"featured_media":0,"parent":0,"menu_order":0,"comment_status":"closed","ping_status":"closed","template":"","meta":{"footnotes":""},"wps_subtitle":"","_links":{"self":[{"href":"https:\/\/www.anwaltsprodukt.de\/berlin\/wp-json\/wp\/v2\/pages\/2768"}],"collection":[{"href":"https:\/\/www.anwaltsprodukt.de\/berlin\/wp-json\/wp\/v2\/pages"}],"about":[{"href":"https:\/\/www.anwaltsprodukt.de\/berlin\/wp-json\/wp\/v2\/types\/page"}],"author":[{"embeddable":true,"href":"https:\/\/www.anwaltsprodukt.de\/berlin\/wp-json\/wp\/v2\/users\/83"}],"replies":[{"embeddable":true,"href":"https:\/\/www.anwaltsprodukt.de\/berlin\/wp-json\/wp\/v2\/comments?post=2768"}],"version-history":[{"count":16,"href":"https:\/\/www.anwaltsprodukt.de\/berlin\/wp-json\/wp\/v2\/pages\/2768\/revisions"}],"predecessor-version":[{"id":3286,"href":"https:\/\/www.anwaltsprodukt.de\/berlin\/wp-json\/wp\/v2\/pages\/2768\/revisions\/3286"}],"wp:attachment":[{"href":"https:\/\/www.anwaltsprodukt.de\/berlin\/wp-json\/wp\/v2\/media?parent=2768"}],"curies":[{"name":"wp","href":"https:\/\/api.w.org\/{rel}","templated":true}]}}