{"id":2824,"date":"2020-07-18T08:27:15","date_gmt":"2020-07-18T06:27:15","guid":{"rendered":"https:\/\/www.anwaltsgebot.de\/berlin\/datenschutzerklaerung\/"},"modified":"2024-09-11T15:57:25","modified_gmt":"2024-09-11T13:57:25","slug":"datenschutzerklaerung","status":"publish","type":"page","link":"https:\/\/www.anwaltsprodukt.de\/berlin\/datenschutzerklaerung\/","title":{"rendered":"Datenschutzerkl\u00e4rung"},"content":{"rendered":"<div class=\"pdfprnt-buttons pdfprnt-buttons-page pdfprnt-top-right\"><a href=\"javascript: imageToPdf()\" class=\"pdfprnt-button pdfprnt-button-pdf\" target=\"_self\"><img decoding=\"async\" src=\"https:\/\/www.anwaltsprodukt.de\/berlin\/wp-content\/plugins\/pdf-print\/images\/pdf.png\" alt=\"image_pdf\" title=\"Download PDF\" \/><\/a><\/div><h3><strong>Datenschutzerkl\u00e4rung<\/strong><\/h3>\n<p><strong><br \/>\n<\/strong><strong>1. Erhebung, Verwendung und Verarbeitung personenbezogener Daten<\/strong><\/p>\n<p>1.1 Sie k\u00f6nnen die Webseite anwaltsprodukt.de und ihre Unterseiten (wie anwaltsprodukt.de\/berlin) besuchen, ohne Angaben zu Ihrer Person zu machen.<\/p>\n<p>1.2 Bei der Registrierung als Anwalt \u00a0erhebt die anwaltsgebot.de UG (haftungsbeschr\u00e4nkt)\u00a0obligatorisch (f\u00fcr den Vertragsschluss) folgende Daten: anwaltsprodukt-Name, E-Mail-Adresse, selbst w\u00e4hlbares Passwort.<\/p>\n<p>1.3 Im Kanzleiprofil ist zu erg\u00e4nzen: Foto des Anwalts oder Kanzlei-Logo, Kanzlei- oder Soziet\u00e4tsname, Ansprechpartner, Kanzlei-Website, Kanzleibeschreibung, Impressum, Kanzleisitz, Kompetenzen.<\/p>\n<p>1.4 Hinweise zum Datenschutz finden Sie nachfolgend auch f\u00fcr den Fall, dass wir Sie zur Bekanntmachung dieses Dienstes per Post angeschrieben haben.<\/p>\n<p>1.5 Wir verwenden Ihre, z.B. \u00fcber diese Website erhobenen, personenbezogenen Daten ohne gesonderte Einwilligung (gem\u00e4\u00df Artikel 6 Absatz 1 Satz 1 Buchstabe a) Datenschutzgrundverordnung (DSGVO)) auf der Grundlage von Artikel 6 Absatz 1 Satz 1 Buchstabe b) DSGVO ausschlie\u00dflich zur Erbringung des Dienstes www.anwaltsprodukt.de und ihrer Unterseiten (z.B. Vertragsbegr\u00fcndung, Vertragsdurchf\u00fchrung sowie Abrechnungszwecke).<\/p>\n<p>1.6 Wir l\u00f6schen Ihre Daten nach vollst\u00e4ndiger Beendigung der vorvertraglichen oder vertraglichen Beziehung und nach Ende der gesetzlichen Aufbewahrungsfristen (<a href=\"https:\/\/www.gesetze-im-internet.de\/hgb\/__257.html\" target=\"_blank\" rel=\"noopener noreferrer\">\u00a7 257 HGB<\/a> \/ <a href=\"https:\/\/www.gesetze-im-internet.de\/ao_1977\/__147.html\" target=\"_blank\" rel=\"noopener noreferrer\">\u00a7 147 AO<\/a> \/ <a href=\"https:\/\/www.gesetze-im-internet.de\/ustg_1980\/__14b.html\" target=\"_blank\" rel=\"noopener noreferrer\">\u00a7 14b UStG<\/a>), bei Datenerhebung zu Zwecken der Bekanntmachung nach Zweckerf\u00fcllung.<\/p>\n<p><strong><br \/>\n2.<\/strong> <strong>Weitergabe personenbezogener Daten <\/strong><\/p>\n<p>Eine Weitergabe Ihrer Daten an Dritte erfolgt nur, wenn:<\/p>\n<p>&#8211; Sie nach Artikel 6 Absatz 1 Satz 1 Buchstabe a) DSGVO hierzu eine ausdr\u00fcckliche Einwilligung erteilt haben,<\/p>\n<p>&#8211; dies nach Artikel 6 Absatz 1 Satz 1 Buchstabe b) DSGVO zur Durchf\u00fchrung vorvertraglicher Ma\u00dfnahmen oder eines Vertrages mit Ihnen erforderlich bzw. zul\u00e4ssig ist, z.B. soweit Daten durch Dritte innerhalb der Europ\u00e4ischen Union im Auftrag\u00a0 verarbeitet werden,<\/p>\n<p>&#8211; dies zur Erf\u00fcllung einer rechtlichen Verpflichtung nach Artikel 6 Absatz 1 Satz 1 Buchstabe c) DSGVO erforderlich ist,<\/p>\n<p>&#8211; dies zur Wahrung berechtigter Interessen nach Artikel 6 Absatz 1 Satz 1 Buchstabe f) DSGVO, z.B. zur Geltendmachung oder Verteidigung von Rechtsanspr\u00fcchen, erforderlich ist, es sei denn, Ihre \u00fcberwiegenden schutzw\u00fcrdigen Interessen, Grundrechte und Grundfreiheiten stehen diesem entgegen.<\/p>\n<p><strong><br \/>\n3. Datensicherheit<\/strong><\/p>\n<p>3.1 Wir sichern unseren Dienst durch technische und organisatorische Ma\u00dfnahmen gegen Verlust, Zerst\u00f6rung, Zugriff, Ver\u00e4nderung oder Verbreitung Ihrer Daten durch unbefugte Personen.<\/p>\n<p>3.2 Bei einer \u00dcbermittlung von Daten \u00fcber ein Formular sind diese durch eine sogenannte SSL-Verschl\u00fcsselung gesch\u00fctzt.<\/p>\n<p>3.3 Sie erkennen an dem Symbol eines geschlossenen Vorh\u00e4ngeschlosses links in der Eingabezeile Ihres Internet-Browsers, ob die jeweils aufgerufene Seite verschl\u00fcsselt \u00fcbertragen wird.<\/p>\n<p>3.4 Bei einer Kommunikation per E-Mail sind die \u00fcbermittelten Daten dem allgemeinen Risiko einer nicht vollst\u00e4ndig verschl\u00fcsselten E-Mail-Kommunikation (keine Ende-zu-Ende-Verschl\u00fcsselung) ausgesetzt. Wir bieten Ende-zu-Ende-Verschl\u00fcsselung an. Falls Sie eine solche w\u00fcnschen, teilen Sie uns dies bitte, am besten telefonisch, mit.<\/p>\n<p><br\/ id=\"cookies\"><strong>4. Verwendung von Cookies<\/strong><\/p>\n<p>4.1\u00a0 Auf unserer Website werden, auf Basis von Artikel 6 Absatz 1 Satz 1 Buchstabe f) DSGVO, essentielle Cookies eingesetzt und verarbeitet. Im Rahmen des Besuchs der Website werden hierbei auf Ihrer Festplatte Textdateien angelegt. Rechtsgrundlage von Speichern und Auslesen betreffend die essentielle Cookies ist \u00a7 25 Absatz 2 Nr. 2 TDDDG.<\/p>\n<p>4.2 Auf unserer Webseite kommen folgende essentiellen Cookies zur Bereitstellung der Funktionen f\u00fcr registrierte Nutzer zum Einsatz: <a href=\".\/cookie-richtlinie\/#cookies\">Cookie-Richtlinie<\/a>. Die essentiellen Cookies zur Bereitstellung der Funktionen f\u00fcr registrierte Nutzer werden nur im Falle des Registrierens bzw. Einloggens gesetzt.<\/p>\n<p>4.3 Sie k\u00f6nnen das Setzen von Cookies im \u00dcbrigen durch eine entsprechende Einstellung Ihrer Browser-Software verhindern. Allerdings k\u00f6nnen Sie sich in diesem Fall nicht mehr einloggen.<\/p>\n<p><strong><br \/>\n5. Auswertung von Zugriffsdaten<br \/>\n<\/strong><\/p>\n<p>Zugriffe auf diese Website werden serverseitig in Form von Nutzungsdaten (IP-Adresse des Routers \u2013 Datum und Uhrzeit des Zugriffs \u2013 Name und Internet-Adresse der abgerufenen Dateien \u2013 Website, von der der Zugriff erfolgt (sogenannte Referrer-URL) \u2013 verwendeter Browser \u2013 Betriebssystem \u2013 Name des Access-Providers), gegebenenfalls auf Basis von Artikel 6 Absatz 1 Satz 1 Buchstabe f) DSGVO, zu Zwecken von Systemsicherheit und -stabilit\u00e4t und stetigen Optimierung unseres Webangebots anonym ausgewertet und die Nutzungsdaten sodann gel\u00f6scht.<\/p>\n<p>&nbsp;<\/p>\n<p><strong>6. Widerruf von Einwilligungen<\/strong><\/p>\n<p>Wir weisen Sie darauf hin, dass Sie Ihre (zum Beispiel elektronisch erteilten) Einwilligungen in die Erhebung, Verwendung und Verarbeitung personenbezogener Daten jederzeit mit Wirkung f\u00fcr die Zukunft widerrufen k\u00f6nnen (Artikel 7 Absatz 3 DSGVO). Durch den Widerruf der Einwilligung wird die Rechtm\u00e4\u00dfigkeit der aufgrund der Einwilligung bis zum Widerruf erfolgten Verarbeitung nicht ber\u00fchrt.<\/p>\n<p>&nbsp;<\/p>\n<p><strong>7.<\/strong> <strong>Auskunftsrecht und sonstige Rechte<\/strong><\/p>\n<p>Nach der Datenschutzgrundverordnung (DSGVO) haben Sie ein Recht auf unentgeltliche Auskunft \u00fcber Ihre gespeicherten Daten (Artikel 15 DSGVO) sowie ein Recht auf Berichtigung (Artikel 16 DSGVO), L\u00f6schung (Artikel 17 DSGVO), Einschr\u00e4nkung der Verarbeitung (Artikel 18 DSGVO) sowie ein Recht auf Daten\u00fcbertragbarkeit (Artikel 20 DSGVO) dieser Daten.<\/p>\n<p>&nbsp;<\/p>\n<p><em><strong>8. Widerspruchsrecht<\/strong><\/em><\/p>\n<p><em>Dar\u00fcber hinaus haben Sie das Recht, aus Gr\u00fcnden, die sich aus Ihrer besonderen Situation ergeben, jederzeit gegen die Verarbeitung Sie betreffender personenbezogener Daten, die aufgrund von Artikel 6 Absatz 1 Satz 1 Buchstabe e) DSGVO (Verarbeitung von Daten im \u00f6ffentlichen Interesse) oder aufgrund von Artikel 6 Absatz 1 Satz 1 Buchstabe f) DSGVO (Verarbeitung von Daten auf Grundlage einer Interessenabw\u00e4gung) erfolgt, Widerspruch einzulegen (Artikel 21 DSGVO). In diesem Fall k\u00f6nnen jedoch zwingende schutzw\u00fcrdige Gr\u00fcnde f\u00fcr die Verarbeitung, die Ihre Interessen, Rechte und Freiheiten \u00fcberwiegen, oder die Verarbeitung dient der Geltendmachung, Aus\u00fcbung oder Verteidigung von Rechtsanspr\u00fcchen, zur weiteren Verarbeitung f\u00fchren.<\/em><\/p>\n<p><strong><br \/>\n9. Automatisierte Entscheidungsfindung im Einzelfall<br \/>\n<\/strong><\/p>\n<p>Eine automatisierte Entscheidungsfindung im Einzelfall (einschlie\u00dflich Profiling) besteht nicht.<\/p>\n<p><strong><br \/>\n10. Beschwerderecht bei einer Aufsichtsbeh\u00f6rde<\/strong><\/p>\n<p>Sie haben ein Beschwerderecht bei der zust\u00e4ndigen Aufsichtsbeh\u00f6rde (Artikel 77 DSGVO).<\/p>\n<p><strong><br \/>\n11. Verantwortliche f\u00fcr die Datenverarbeitung<\/strong><\/p>\n<p>anwaltsgebot.de UG (haftungsbeschr\u00e4nkt)<br \/>\nGesch\u00e4ftsf\u00fchrer: Dirk Andresen<br \/>\nTorstra\u00dfe 97<br \/>\n10119 Berlin<\/p>\n<p>E-Mail <a href=\"mailto:info@anwaltsgebot.de\">info(at)anwaltsgebot.de<\/a><\/p>\n<p>Tel. 030 &#8211; 120 824 90<\/p>\n<p>Weitere Einzelheiten zur Verantwortlichen finden Sie im <a href=\".\/impressum\" target=\"_blank\" rel=\"noopener noreferrer\">Impressum<\/a>.<\/p>\n<p><strong><br \/>\n12. Text der Datenschutzgrundverordnung<\/strong><\/p>\n<p>Den vollst\u00e4ndigen Text der Datenschutzgrundverordnung (DSGVO) finden Sie <a href=\"https:\/\/eur-lex.europa.eu\/legal-content\/DE\/TXT\/?qid=1529564149242&amp;uri=CELEX:02016R0679-20160504\" target=\"_blank\" rel=\"noopener noreferrer\" data-htmlarea-external=\"1\">hier<\/a>.<\/p>\n<p>&nbsp;<\/p>\n<p>&nbsp;<\/p>\n<p>&nbsp;<\/p>\n<p>&nbsp;<\/p>\n<p>&nbsp;<\/p>\n","protected":false},"excerpt":{"rendered":"Datenschutzerkl\u00e4rung 1. Erhebung, Verwendung und Verarbeitung personenbezogener Daten 1.1 Sie k\u00f6nnen die Webseite anwaltsprodukt.de und ihre Unterseiten (wie anwaltsprodukt.de\/berlin) besuchen, ohne Angaben zu Ihrer Person zu machen. 1.2 Bei der Registrierung als Anwalt \u00a0erhebt die anwaltsgebot.de UG (haftungsbeschr\u00e4nkt)\u00a0obligatorisch (f\u00fcr den Vertragsschluss) folgende Daten: anwaltsprodukt-Name, E-Mail-Adresse, selbst w\u00e4hlbares Passwort. 1.3 Im Kanzleiprofil ist zu erg\u00e4nzen: Foto&hellip;\n","protected":false},"author":83,"featured_media":0,"parent":0,"menu_order":0,"comment_status":"closed","ping_status":"closed","template":"","meta":{"footnotes":""},"wps_subtitle":"","_links":{"self":[{"href":"https:\/\/www.anwaltsprodukt.de\/berlin\/wp-json\/wp\/v2\/pages\/2824"}],"collection":[{"href":"https:\/\/www.anwaltsprodukt.de\/berlin\/wp-json\/wp\/v2\/pages"}],"about":[{"href":"https:\/\/www.anwaltsprodukt.de\/berlin\/wp-json\/wp\/v2\/types\/page"}],"author":[{"embeddable":true,"href":"https:\/\/www.anwaltsprodukt.de\/berlin\/wp-json\/wp\/v2\/users\/83"}],"replies":[{"embeddable":true,"href":"https:\/\/www.anwaltsprodukt.de\/berlin\/wp-json\/wp\/v2\/comments?post=2824"}],"version-history":[{"count":40,"href":"https:\/\/www.anwaltsprodukt.de\/berlin\/wp-json\/wp\/v2\/pages\/2824\/revisions"}],"predecessor-version":[{"id":3322,"href":"https:\/\/www.anwaltsprodukt.de\/berlin\/wp-json\/wp\/v2\/pages\/2824\/revisions\/3322"}],"wp:attachment":[{"href":"https:\/\/www.anwaltsprodukt.de\/berlin\/wp-json\/wp\/v2\/media?parent=2824"}],"curies":[{"name":"wp","href":"https:\/\/api.w.org\/{rel}","templated":true}]}}