{"id":3155,"date":"2021-06-19T15:05:15","date_gmt":"2021-06-19T13:05:15","guid":{"rendered":"https:\/\/www.anwaltsprodukt.de\/berlin\/nutzungsbedingungen-fuer-anwaltskanzleien-2\/"},"modified":"2024-03-17T12:59:24","modified_gmt":"2024-03-17T11:59:24","slug":"nutzungsbedingungen-fuer-anwaltskanzleien","status":"publish","type":"page","link":"https:\/\/www.anwaltsprodukt.de\/berlin\/nutzungsbedingungen-fuer-anwaltskanzleien\/","title":{"rendered":"Nutzungsbedingungen f\u00fcr Anwaltskanzleien"},"content":{"rendered":"<div class=\"pdfprnt-buttons pdfprnt-buttons-page pdfprnt-top-right\"><a href=\"javascript: imageToPdf()\" class=\"pdfprnt-button pdfprnt-button-pdf\" target=\"_self\"><img decoding=\"async\" src=\"https:\/\/www.anwaltsprodukt.de\/berlin\/wp-content\/plugins\/pdf-print\/images\/pdf.png\" alt=\"image_pdf\" title=\"Download PDF\" \/><\/a><\/div><h3><strong>Nutzungsbedingungen f\u00fcr Anwaltskanzleien<\/strong><\/h3>\n<p>&nbsp;<\/p>\n<p><em>Sie k\u00f6nnen diese Nutzungsbedingungen speichern, indem Sie die obige PDF-Download-Funktion nutzen (da ein umfassender Screenshot der Website erstellt wird, kann dies &#8211; browserabh\u00e4ngig &#8211; \u00fcber eine Minute dauern) oder die f\u00fcrs Speichern vorgesehenen Funktionen Ihres Internet-Browsers (Chrome, Firefox, Internet Explorer, Safari etc.), alternativ die Funktionen &#8220;Markieren&#8221;, &#8220;Kopieren&#8221; und &#8220;Einf\u00fcgen in Textdokument&#8221; (&#8220;Copy and Paste&#8221;), nutzen oder diese Nutzungsbedingungen ausdrucken.<\/em><\/p>\n<p><em><br \/>\n[Zwecks besserer Lesbarkeit wird auf eine durchg\u00e4ngige geschlechtsspezifische Differenzierung, wie z.B. &#8220;Rechtsanw\u00e4ltin&#8221;, verzichtet. Bezeichnungen wie &#8220;Rechtsanwalt&#8221; oder &#8220;Anwalt&#8221; gelten gegebenenfalls gleicherma\u00dfen f\u00fcr alle Geschlechter.]<\/em><\/p>\n<p><strong><br \/>\n1.<\/strong> <strong>Anbieter der Plattform www.anwaltsprodukt.de und ihrer Unterseiten \/ Inhalt des Dienstes \/ kein Online-Anwaltsvertrag<br \/>\n<\/strong><\/p>\n<p>1.1 Betreiberin der Plattform www.anwaltsprodukt.de und ihrer Unterseiten (wie www.anwaltsprodukt.de\/berlin) ist die anwaltsgebot.de UG (haftungsbeschr\u00e4nkt), Torstra\u00dfe 97, 10119 Berlin (nachfolgend anwaltsgebot.de genannt).<\/p>\n<p>1.2 anwaltsgebot.de bietet (ausschlie\u00dflich) Anwaltskanzleien, Anw\u00e4ltinnen und Anw\u00e4lten, Anwaltssozie\u00e4ten und Anwaltsgesellschaften mit Mitgliedschaft in einer deutschen Rechtsanwaltskammer (nachfolgend Anwaltskanzlei genannt) eine im Marketing-Mix (nur) erg\u00e4nzende (nie ersetzende) technische Plattform zur Ver\u00f6ffentlichung von Rechtsdienstleistungsangeboten (\u201eAnwaltsprodukte\u201c), ohne sich deren Ver\u00f6ffentlichungen zu Eigen zu machen.<\/p>\n<p>1.3 Die Anwaltsgebote sind keine Angebote auf Abschluss eines Vertrages, sondern lediglich Einladungen an die Rechtsuchenden zur Kontaktaufnahme, um im Regelfall nach Absprache von Termin und Ort einen Anwaltsvertrag am Kanzleisitz zu schlie\u00dfen.<\/p>\n<p><strong>1.4 Ein Vertragsschluss zwischen Rechtsuchendem und Anwalt erfolgt \u00fcber die Plattform www.anwaltsprodukt.de und ihre Unterseiten nicht.<\/strong><\/p>\n<p><strong><br \/>\n2. Kostenlose Registrierung \/ Kanzlei-Website erforderlich \/ Mitgliedschaft in deutscher Rechtsanwaltskammer \/ Korrektur von Eingabefehlern und Zustandekommen des Registrierungsvertrags \/ einmalige Registrierung<br \/>\n<\/strong><\/p>\n<p><em><strong>2.1 Die Anwaltskanzlei kann sich auf der Plattform www.anwaltsprodukt.de bzw. einer ihrer Unterseiten (wie www.anwaltsprodukt.de\/berlin) kostenlos registrieren.<\/strong> <\/em><\/p>\n<p>2.2 Voraussetzung f\u00fcr eine Registrierung ist, dass die Anwaltskanzlei im Internet \u00fcber eine frei zug\u00e4ngliche Kanzlei-Website mit ordnungsgem\u00e4\u00dfer Anbieterkennzeichnung verf\u00fcgt.<\/p>\n<p>2.3 Im Rahmen der Registrierung ist die Mitgliedschaft der Anwaltskanzlei bzw. ihrer Anw\u00e4lte in einer deutschen Rechtsanwaltskammer zu versichern. anwaltsgebot.de beh\u00e4lt sich die Pr\u00fcfung der Richtigkeit der Versicherung vor.<\/p>\n<p>2.4 Eingabefehler k\u00f6nnen vor dem Anklicken des Buttons \u201eKostenlos als Anwalt registrieren\u201c mit den \u00fcblichen Tastatur-Funktionen in den entsprechenden Eingabefeldern, auch mittels der Zur\u00fcck-Taste des Endger\u00e4tes, oder indem der Registrierungsvorgang abgebrochen wird, korrigiert werden. Mit Anklicken des Buttons &#8220;Kostenlos als Anwalt registrieren&#8221; kommt der Registrierungsvertrag zustande.<\/p>\n<p>2.5 Jede Anwaltskanzlei darf sich (nur) einmal registrieren.<\/p>\n<p><strong><br \/>\n3. Regeln f\u00fcr die Wahl des anwaltsprodukt-Namens<\/strong><\/p>\n<p>3.1 Bei der Registrierung w\u00e4hlt die Anwaltskanzlei selbst einen anwaltsprodukt-Namen, der in der Internet-Adresse zum Kanzleiprofil der Anwaltskanzlei enthalten ist und sp\u00e4ter nicht mehr ge\u00e4ndert werden kann.<\/p>\n<p>3.2 Es d\u00fcrfen nur Kleinbuchstaben, als Sonderzeichen nur Bindestrich und Unterstrich und keine Umlaute verwendet werden.<\/p>\n<p>3.3 anwaltsprodukt-Namen d\u00fcrfen nur enthalten:<\/p>\n<p>Name der Anwaltskanzlei, Vor- und Nachname der Anw\u00e4ltin bzw. des Anwalts, Soziet\u00e4tsname, Name der Anwaltsgesellschaft, Rechtsformzusatz der Soziet\u00e4t oder Anwaltsgesellschaft, Kanzleisitz, au\u00dferdem folgende Zus\u00e4tze: kanzlei &#8211; anwaltskanzlei &#8211; rechtsanwaltskanzlei &#8211; ra &#8211; rain &#8211; rae &#8211; anwalt &#8211; anwaeltin &#8211; anwaelte &#8211; anwaeltinnen &#8211; rechtsanwalt &#8211; rechtsanwaeltin &#8211; rechtsanwaelte &#8211; rechtsanwaeltinnen (beziehungsweise bei ausl\u00e4ndischen Anw\u00e4lten entsprechende Zus\u00e4tze wie z.B. abogado).<\/p>\n<p>3.4 Im \u00dcbrigen sind die gesetzlichen namensrechtlichen Regeln zu beachten.<\/p>\n<p><strong><br \/>\n4. Zugangsdaten<\/strong><\/p>\n<p>4.1 Die Anwaltskanzlei hat ihre Zugangsdaten geheim zu halten.<\/p>\n<p>4.2 Im Falle eines Verdachts auf Missbrauch der Zugangsdaten ist anwaltsgebot.de unverz\u00fcglich zu informieren.<\/p>\n<p><strong><br \/>\n5. Kanzleiprofil, Impressum, Kanzleiprofil-Bild, kein Zugang zu Analyse-Daten<br \/>\n<\/strong><\/p>\n<p>5.1 Unverz\u00fcglich nach Registrierung vervollst\u00e4ndigt die Anwaltskanzlei ihr Kanzleiprofil und bringt ein Impressum an. Das Kanzleiprofil wird mit Registrierung \u00f6ffentlich angezeigt.<\/p>\n<p>5.2 Die Anwaltskanzlei hat die M\u00f6glichkeit, in ihrem Profil alternativ ein Kanzlei-Foto (z.B. Foto des Anwalts) oder ein Kanzlei-Logo einzustellen.<\/p>\n<p>5.3 Die Anwaltskanzlei versichert, dass sie die erforderlichen Nutzungsrechte der \u00f6ffentlichen Zug\u00e4nglichmachung im Internet am eingestellten Text, Foto oder Logo hat.<\/p>\n<p>5.4 Die Anwaltskanzlei hat jederzeit durch Anmeldung in ihr Benutzerkonto die M\u00f6glichkeit, Anpassungen von Kanzleiprofil, Impressum und Kanzleiprofil-Bild vorzunehmen.<\/p>\n<p>5.5 Die Anwaltskanzlei hat keinen Zugang zu den gem\u00e4\u00df <a href=\".\/datenschutzerklaerung\" target=\"_blank\" rel=\"noopener noreferrer\">Ziffer 5 der Datenschutzerkl\u00e4rung<\/a> generierten Analyse-Daten.<\/p>\n<p><strong><br \/>\n6. <\/strong><strong>Kostenpflichtiges Einstellen von Anwaltsprodukten \/ Vertragsschluss \/ 1 kostenloses Anwaltsprodukt \/ elektronische Rechnung \/ Ruhestellung von Anwaltsprodukten<br \/>\n<\/strong><\/p>\n<p>6.1 Die Anwaltskanzlei kann nach Registrierung und Vervollst\u00e4ndigung ihres Kanzleiprofils (einschlie\u00dflich der Impressumsangabe) Anwaltsprodukte einzustellen, sofern sie im Benutzerkonto angemeldet ist.<\/p>\n<p>6.2 Anwaltsprodukte beziehen sich jeweils nur auf einen Kanzleisitz.<\/p>\n<p>6.3 Nach Erstellung des Anwaltsprodukts gelangt man auf eine Bestell\u00fcbersicht. Nach Anklicken des dortigen Buttons \u201eAnwaltsprodukt ver\u00f6ffentlichen\u201c erh\u00e4lt die Anwaltskanzlei eine Bestell-Best\u00e4tigung per E-Mail, die zugleich die Annahmeerkl\u00e4rung seitens anwaltsgebot.de darstellt, so dass der Ver\u00f6ffentlichungsvertrag hiermit zustandekommt. Zugleich wird das Anwaltsprodukt automatisiert im Internet ver\u00f6ffentlicht.<\/p>\n<p>6.4 Eingabefehler k\u00f6nnen vor dem Anklicken des Buttons \u201eAnwaltsprodukt ver\u00f6ffentlichen\u201c mit den \u00fcblichen Tastatur-Funktionen in den entsprechenden Eingabefeldern, auch mittels der Zur\u00fcck-Taste seines Endger\u00e4tes, oder indem der Ver\u00f6ffentlichungsvorgang abgebrochen wird, korrigiert werden.<\/p>\n<p><strong><em>6.5 Die Anwaltskanzlei hat f\u00fcr jedes ver\u00f6ffentlichte Anwaltsprodukt f\u00fcr die Dauer der Ver\u00f6ffentlichung pro Tag einen Betrag von 10 Cent (0,10 Euro) zuz\u00fcglich Umsatzsteuer (zur Zeit 19 %) zu zahlen, wobei allerdings das erste nach Registrierung ver\u00f6ffentlichte Anwaltsprodukt nicht berechnet wird.<br \/>\n<\/em><\/strong><\/p>\n<p>6.6 Die Anwaltskanzlei versichert, soweit sie nicht lediglich auf von anwaltsgebot.de zur Verf\u00fcgung gestellte Vorlagen zur\u00fcckgreift, dass sie die erforderlichen Nutzungsrechte der \u00f6ffentlichen Zug\u00e4nglichmachung im Internet am eingestellten Text hat.<\/p>\n<p>6.7 Die Verg\u00fctung ist nach Leistungserbringung nach \u00dcbersendung einer entsprechenden Rechnung zu zahlen. Der Rechnungsversand erfolgt ausschlie\u00dflich per E-Mail.<\/p>\n<p>6.8 Die Anwaltskanzlei kann ihre Anwaltsprodukte jederzeit \u00e4ndern, ruhend stellen und erneut ver\u00f6ffentlichen. W\u00e4hrend der Ruhestellung wird ein Anwaltsprodukt nicht angezeigt, eine Verg\u00fctung ist f\u00fcr ein ruhend gestelltes Anwaltsprodukt nicht zu zahlen.<\/p>\n<p>&nbsp;<\/p>\n<p><strong>7.<\/strong> <strong>Sprache von Kanzleiprofil und Anwaltsprodukten<\/strong><\/p>\n<p>7.1 Kanzleiprofil und Anwaltsprodukte sind in deutscher Sprache abzufassen.<\/p>\n<p>7.2 Zus\u00e4tzlich kann eine \u00dcbersetzung von Kanzleiprofil und Anwaltsprodukten in eine Fremdsprache erfolgen.<\/p>\n<p>&nbsp;<\/p>\n<p><strong>8. Keine Werbung mit Preisen oder kostenlosen Leistungen<br \/>\n<\/strong><\/p>\n<p>8.1 Unter www.anwaltsprodukt.de und ihren Unterseiten ist die Auszeichnung der anwaltlichen Dienstleistung mit Preisen nicht vorgesehen und zwecks Chancengleichheit aller werbenden Anw\u00e4lte auch nicht gestattet. Gleiches gilt f\u00fcr die Werbung mit kostenlosen Leistungen, z.B. mit kostenloser Erstberatung.<\/p>\n<p>8.2 Falls Sie mit Festpreisen werben m\u00f6chten, registrieren Sie sich bitte auf unserer Plattform <a href=\"https:\/\/www.anwaltsgebot.de\" target=\"_blank\" rel=\"noopener noreferrer\">anwaltsgebot.de | Anwalt zum Festpreis<\/a>.<\/p>\n<p>&nbsp;<\/p>\n<p><strong>9. Ranking der Anwaltsprodukte<\/strong><\/p>\n<p>9.1 In der Rubrik Anwaltsprodukte nach Rechtsgebiet (&#8220;Alle Anwaltsprodukte&#8221;) und bei der Anwaltsprodukts-Suche (&#8220;Suchen &gt;&gt; Anwaltsprodukte&#8221;) werden die Anwaltsprodukte standardm\u00e4\u00dfig per Zufallsauswahl gelistet.<\/p>\n<p>9.2 Dies dient dazu, allen Anwaltsprodukten die Chance gleicher Sichtbarkeit zu gew\u00e4hren.<\/p>\n<p>9.3 Unter &#8220;Letzte Anwaltsprodukte&#8221; werden die Anwaltsprodukte, von oben (neuer) nach unten (\u00e4lter), in der zeitlichen Reihenfolge der Ersteinstellung gelistet.<\/p>\n<p><strong><br \/>\n10. Nutzungsrechte an anwaltsprodukt-Namen, Kanzleiprofil, Kanzleiprofil-Bild und Anwaltsprodukten<\/strong><\/p>\n<p>10.1 Die Anwaltskanzlei r\u00e4umt anwaltsgebot.de das Recht ein, anwaltsprodukt-Namen, eingestellten Text, Foto oder Logo zum Zweck der Ver\u00f6ffentlichung auf der Plattform www.anwaltsprodukt.de und ihren Unterseiten (wie z.B. www.anwaltsprodukt.de\/berlin) einschlie\u00dflich im Rahmen von Website-Backups zu nutzen. Dies schlie\u00dft das Recht von anwaltsgebot.de ein, von der Anwaltskanzlei hochgeladene Bilder gegebenenfalls auch zu bearbeiten (Vergr\u00f6\u00dfern und Verkleinern, Ausschnitte).<\/p>\n<p>10.2 Dies gilt auch, soweit die Anwaltskanzlei noch kein Anwaltsprodukt eingestellt hat oder auf das Angebot von anwaltsgebot.de zur\u00fcckgreift, ein kostenloses Anwaltsprodukt zu ver\u00f6ffentlichen.<\/p>\n<p>&nbsp;<\/p>\n<p><strong>11. <\/strong><strong>Verantwortlichkeit f\u00fcr Kanzleiprofile und Anwaltsprodukte<\/strong><\/p>\n<p>11.1 Die Anwaltskanzlei wird bei Anlage von Kanzleiprofil und Einstellung von Anwaltsprodukten diese Nutzungsbedingungen sowie die gesetzlichen Regeln (z.B. Urheberrecht, Markenrecht, Pers\u00f6nlichkeitsrecht, Berufsrecht) beachten, f\u00fcr deren Einhaltung sie allein verantwortlich ist. Insbesondere wird die Anwaltskanzlei die gesetzlichen Regeln des Impressums-Rechts beachten und ein dementsprechendes Impressum f\u00fcr ihr Kanzleiprofil\u00a0 vorhalten.<\/p>\n<p>11.2 Auch wird die Anwaltskanzlei bei der Nutzung von Vorlagen von anwaltsgebot.de diese pr\u00fcfen und nach eigenem Ermessen entsprechend anpassen.<\/p>\n<p>11.3 anwaltsgebot.de ist nur technischer Portalbetreiber.<\/p>\n<p><strong><br \/>\n12. <\/strong><strong>Datensicherung durch die Anwaltskanzlei<br \/>\n<\/strong><\/p>\n<p>12.1 Die Anwaltskanzlei wird f\u00fcr regelm\u00e4\u00dfige Sicherung ihrer Daten (z.B. auch Inhalt von Kanzleiprofil und Anwaltsprodukten, Profilbild) in angemessenen Zeitabst\u00e4nden auf externen Datenspeichern sorgen.<\/p>\n<p>12.2 Die Anwaltskanzlei stellt dadurch sicher, dass verlorengegangene Daten mit vertretbarem Aufwand wiederhergestellt werden k\u00f6nnen.<\/p>\n<p><strong><br \/>\n13. Verf\u00fcgbarkeit des Portals www.anwaltsprodukt.de und seiner Unterseiten<\/strong><\/p>\n<p>13.1 anwaltsgebot.de beh\u00e4lt sich vor, den Dienst aus technischen Gr\u00fcnden aufgrund von Wartungs-, Optimierungs- und Instandsetzungsarbeiten zeitweise (maximal aber im Umfang von 1,5 Prozent im Jahresmittel) nicht zu erbringen.<\/p>\n<p>13.2 Der Dienst wird \u00fcber Server erbracht, die an das Internet angeschlossen sind. Daher k\u00f6nnen z.B. aufgrund der technischen Gegebenheiten des Internets oder h\u00f6herer Gewalt weitere Einschr\u00e4nkungen oder Beeintr\u00e4chtigungen des Dienstes bestehen, die au\u00dferhalb des Einflussbereichs von anwaltsgebot.de liegen.<\/p>\n<p>13.3 anwaltsgebot.de wird die Anwaltskanzlei unverz\u00fcglich \u00fcber eine Nichtverf\u00fcgbarkeit informieren.<\/p>\n<p>13.4 Die Anwaltskanzlei hat f\u00fcr ihre ver\u00f6ffentlichten Anwaltsprodukte f\u00fcr Zeitr\u00e4ume der Nichtverf\u00fcgbarkeit des Dienstes keine Verg\u00fctung zu entrichten, gleich, ob die Nichtverf\u00fcgbarkeit auf Wartungs-, Optimierungs- oder Instandsetzungsarbeiten oder auf Umst\u00e4nden beruht, die au\u00dferhalb des Einflussbereichs von anwaltsgebot.de liegen.<\/p>\n<p><strong><br \/>\n14. <\/strong><strong>Regionen, Kategorien, Untergruppen<br \/>\n<\/strong><\/p>\n<p>14.1 Das Anwaltsprodukt ist einer dem Kanzleisitz (von dem aus die Rechtsdienstleistung erbracht wird) entsprechenden Region, einem Rechtsgebiet und gegebenenfalls einer Unterkategorie zu einem Rechtsgebiet zuzuordnen.<\/p>\n<p>14.2 Die regionalen Anwaltsprodukts-Portale, wie z.B. www.anwaltsprodukt.de\/berlin, dienen hierbei nur der Ver\u00f6ffentlichung der Anwaltsprodukte von Kanzleien, die ihren Sitz in dieser Region haben.<\/p>\n<p>14.3 anwaltsgebot.de ist berechtigt, eine Neuzuordnung und -kategorisierung vorzunehmen und das eingestellte Anwaltsprodukt einer anderen Region, Kategorie oder Untergruppe zuzuordnen, beispielsweise bei neu er\u00f6ffneten Regionen, Kategorien oder Untergruppen.<\/p>\n<p><strong><br \/>\n15. Sperrung oder L\u00f6schung von Benutzerkonto, anwaltsprodukt-Namen, Kanzleiprofil, Kanzleiprofil-Bild oder Anwaltsprodukten<\/strong><\/p>\n<p>15.1 anwaltsgebot.de ist zur Pr\u00fcfung von anwaltsprodukt-Namen, Kanzleiprofil, Kanzleiprofil-Bild oder Anwaltsprodukten nicht verpflichtet und wird solche Pr\u00fcfungen auch grunds\u00e4tzlich nicht vornehmen.<\/p>\n<p>15.2 Andererseits ist anwaltsgebot.de, insbesondere bei Hinweisen Dritter, zur unverz\u00fcglichen Sperrung oder L\u00f6schung von Benutzerkonto, anwaltsprodukt-Namen, Kanzleiprofil, Kanzleiprofil-Bild oder Anwaltsprodukten berechtigt, sofern vom Nutzer hierbei offensichtlich gegen gesetzliche Regelungen oder diese Nutzungsbedingungen versto\u00dfen wird.<\/p>\n<p>15.3 In sonstigen F\u00e4llen nicht-rechtskonformer Handlungen wird anwaltsgebot.de die Anwaltskanzlei auf die rechtlichen Zweifel hinweisen und dieser zur Vermeidung der Sperrung oder L\u00f6schung von Benutzerkonto, anwaltsprodukt-Namen, Kanzleiprofil, Kanzleiprofil-Bild oder Anwaltsprodukten Gelegenheit geben, den Rechtsversto\u00df in angemessener Zeit zu beheben.<\/p>\n<p>15.4 anwaltsgebot.de wird die Anwaltskanzlei \u00fcber die Entfernung eines Inhalts zumindest unverz\u00fcglich nachtr\u00e4glich und \u00fcber eine beabsichtigte Sperrung oder L\u00f6schung des Benutzerkontos vorab informieren, ihr den Grund daf\u00fcr mitteilen und eine M\u00f6glichkeit zur Gegendarstellung einr\u00e4umen, an die sich eine Neubescheidung anschlie\u00dft, mit der die M\u00f6glichkeit der Wiederzug\u00e4nglichmachung des entfernten Inhalts einhergeht.<\/p>\n<p><strong><br \/>\n16.<\/strong> <strong>Preis\u00e4nderung<\/strong><\/p>\n<p>16.1 anwaltsgebot.de ist berechtigt, den Preis f\u00fcr die Ver\u00f6ffentlichung von neuen Anwaltsprodukten anzupassen.<\/p>\n<p>16.2 F\u00fcr laufende Anwaltsprodukte kann anwaltsgebot.de eine Preisanpassung nach billigem Ermessen, nach 15 Tagen nach entsprechender Unterrichtung der Anwaltskanzlei per E-Mail, pro Kalenderjahr aber maximal um 10 % Erh\u00f6hung, mit Wirkung f\u00fcr die Zukunft vornehmen.<\/p>\n<p><strong><br \/>\n17. Freistellung von Anspr\u00fcchen<\/strong><\/p>\n<p>Die Anwaltskanzlei wird anwaltsgebot.de von allen Anspr\u00fcchen Dritter freistellen, die gegen anwaltsgebot.de wegen der von der Anwaltskanzlei eingestellten Inhalte (z.B. anwaltsprodukt-Name, Kanzleiprofil, Kanzleiprofil-Bild, Anwaltsprodukt), z.B. wegen fehlender Nutzungsrechte oder wegen eines sonstigen Versto\u00dfes gegen gesetzliche Regelungen (z.B. Urheberrecht, Markenrecht, Pers\u00f6nlichkeitsrecht, Berufsrecht), geltend gemacht werden.<\/p>\n<p><strong><br \/>\n18. \u00c4nderung des Dienstes<\/strong><\/p>\n<p>Die Dienste der Plattform www. anwaltsprodukt.de und ihrer Unterseiten entwickeln sich fort und k\u00f6nnen sich daher von Zeit zu Zeit ver\u00e4ndern &#8211; so k\u00f6nnen beispielsweise nach billigem Ermessen von anwaltsgebot.de Strukturen angepasst oder einzelne Funktionen und Features des Dienstes hinzugef\u00fcgt, entfernt oder ge\u00e4ndert werden.<\/p>\n<p><strong><br \/>\n19. Verzug und Sperrung von Zugang, Kanzleiprofil und Anwaltsprodukten<\/strong><\/p>\n<p>19.1 Wenn die Anwaltskanzlei mit der Entrichtung eines nicht unerheblichen Teiles der zahlbaren Verg\u00fctung (mindestens 80,00 \u20ac netto) in Verzug gekommen ist, ist anwaltsgebot.de berechtigt, Zugang, Kanzleiprofil und Anwaltsprodukte der Anwaltskanzlei nach mindestens zwei Wochen zuvor erfolgter begr\u00fcndeter Sperrungsandrohung in Textform zu sperren.<\/p>\n<p>19.2 Zugang, Kanzleiprofil und Anwaltsprodukte werden unverz\u00fcglich nach Ausgleich der offenen Zahlungen wieder freigeschaltet.<\/p>\n<p><strong><br \/>\n20. K\u00fcndigung<\/strong><\/p>\n<p>20.1 Der Vertrag kann von beiden Parteien mit einer Frist von 30 Tagen ordentlich gek\u00fcndigt werden.<\/p>\n<p>20.2 anwaltsgebot.de beh\u00e4lt sich insbesondere vor, inaktive Benutzerkonten zu k\u00fcndigen. Als inaktiv ist ein Benutzerkonto anzusehen, wenn \u00fcber einen Zeitraum von mehr als drei Monaten kein Anwaltsprodukt eingestellt wurde.<\/p>\n<p>20.3 Eine K\u00fcndigung aus wichtigem Grund bleibt vorbehalten. Ein wichtiger Grund besteht beispielsweise, falls die Anwaltskanzlei wiederholt gegen diese Nutzungsbedingungen versto\u00dfen hat, die Voraussetzungen einer Teilnahme an der Plattform www.anwaltsprodukt.de und ihrer Unterseiten (wie www.anwaltsprodukt.de\/berlin) nicht vorliegen oder falls die Anwaltskanzlei mehrere Kanzleiprofile anlegt.<\/p>\n<p>20.4 Mit Wirksamwerden der K\u00fcndigung werden Benutzerkonto, anwaltsprodukt-Name, Kanzleiprofil, Kanzleiprofil-Bild und Anwaltsprodukte gel\u00f6scht.<\/p>\n<p>20.5 K\u00fcndigungen haben mindestens in Textform zu erfolgen.<\/p>\n<p><strong><br \/>\n21. Haftungsbeschr\u00e4nkung<\/strong><\/p>\n<p>21.1 anwaltsgebot.de haftet maximal nach den gesetzlichen Vorschriften. Im Falle leichter Fahrl\u00e4ssigkeit haftet anwaltsgebot.de (sofern eine Haftung f\u00fcr leichte Fahrl\u00e4ssigkeit gesetzlich vorgesehen ist) nur bei Verletzung wesentlicher Vertragspflichten (das sind solche Pflichten, deren Erf\u00fcllung die ordnungsgem\u00e4\u00dfe Durchf\u00fchrung des Vertrages \u00fcberhaupt erst erm\u00f6glicht, deren Verletzung die Erreichung des Vertragszwecks gef\u00e4hrdet und auf deren Einhaltung der Vertragspartner regelm\u00e4\u00dfig vertraut). Hierbei ist die Haftung auf die zum Zeitpunkt des Vertragsschlusses, aus der Sicht eines vern\u00fcnftigen Dritten, in der Lage von anwaltsgebot.de, voraussehbaren vertragstypischen Sch\u00e4den beschr\u00e4nkt.<\/p>\n<p>21.2 Die verschuldensunabh\u00e4ngige Haftung von anwaltsgebot.de auf Schadensersatz f\u00fcr bereits bei Vertragsschluss vorhandene M\u00e4ngel gem\u00e4\u00df \u00a7 536 a Absatz 1 des B\u00fcrgerlichen Gesetzbuchs wird ausgeschlossen.<\/p>\n<p>21.3 Die Haftungsbeschr\u00e4nkungen gelten auch im Falle des Verschuldens eines gesetzlichen Vertreters oder Erf\u00fcllungsgehilfen von anwaltsgebot.de.<\/p>\n<p>21.4 Die Haftung f\u00fcr Vorsatz und grobe Fahrl\u00e4ssigkeit bleibt unber\u00fchrt.<\/p>\n<p>21.5 Die Haftung f\u00fcr Sch\u00e4den aus der Verletzung des Lebens, des K\u00f6rpers oder der Gesundheit oder nach Ma\u00dfgabe des Produkthaftungsgesetzes oder sofern Zusicherungen oder sonstige Garantien betroffen sind, bleibt unber\u00fchrt.<\/p>\n<p><strong><br \/>\n22.<\/strong> <strong>Zustellung von Mitteilungen<\/strong><\/p>\n<p>22.1 anwaltsgebot.de kann Informationen und Erkl\u00e4rungen, die das Vertragsverh\u00e4ltnis betreffen, an die von der Anwaltskanzlei in ihrem Kanzleiprofil hinterlegte E-Mail-Adresse schicken.<\/p>\n<p>22.2 Eine Mitteilung gilt sp\u00e4testens als zugegangen, wenn diese so in der Mailbox der im Kanzleiprofil hinterlegten E-Mail-Adresse eingegangen ist, dass die Anwaltskanzlei unter gew\u00f6hnlichen Verh\u00e4ltnissen die M\u00f6glichkeit hat, vom Inhalt der Erkl\u00e4rung Kenntnis zu nehmen, ungeachtet des Zeitpunkts des tats\u00e4chlichen Server-Abrufs durch die Anwaltskanzlei.<\/p>\n<p><strong><br \/>\n23.<\/strong> <strong>Aufrechnung<\/strong><\/p>\n<p>Gegen Forderungen von anwaltsgebot.de kann die Anwaltskanzlei nur mit unbestrittenen oder rechtskr\u00e4ftig festgestellten Gegenanspr\u00fcchen aufrechnen, es sei denn, der Gegenanspruch ist synallagmatisch verkn\u00fcpft mit der Forderung von anwaltsgebot.de oder es besteht Konnexit\u00e4t.<\/p>\n<p><strong><br \/>\n24.<\/strong> <strong>Schlussbestimmungen<\/strong><\/p>\n<p>24.1 Vertrags\u00e4nderungen, Erg\u00e4nzungen und Nebenabreden einschlie\u00dflich der Aufhebung der Textform bed\u00fcrfen zu ihrer Wirksamkeit mindestens der Textform (z.B. E-Mail, Telefax oder Brief).<\/p>\n<p>24.2 Die Parteien vereinbaren Berlin als ausschlie\u00dflichen Gerichtsstand f\u00fcr alle Streitigkeiten aus oder anl\u00e4sslich dieses Vertrages.<\/p>\n<p>24.3 Die Vertragssprache ist deutsch.<\/p>\n<p>24.4 Sollten einzelne Bestimmungen dieser Nutzungsbedingungen ganz oder teilweise gegen zwingendes Recht versto\u00dfen oder aus anderen Gr\u00fcnden nichtig oder unwirksam sein, so bleibt die G\u00fcltigkeit der \u00fcbrigen Bestimmungen unber\u00fchrt.<\/p>\n<p>24.5 Der Vertragstext wird nach Vertragsschluss durch anwaltsgebot.de gespeichert. Er ist nach Vertragsschluss \u00fcber das Internet nicht zug\u00e4nglich, wird aber auf Anfrage per E-Mail versandt. Die Nutzungsbedingungen sind in der jeweils aktuellen Fassung unter www.anwaltsprodukt.de\/berlin\/nutzungsbedingungen-fuer-anwaltskanzleien\/ einsehbar.<\/p>\n<p>&nbsp;<\/p>\n","protected":false},"excerpt":{"rendered":"Nutzungsbedingungen f\u00fcr Anwaltskanzleien &nbsp; Sie k\u00f6nnen diese Nutzungsbedingungen speichern, indem Sie die obige PDF-Download-Funktion nutzen (da ein umfassender Screenshot der Website erstellt wird, kann dies &#8211; browserabh\u00e4ngig &#8211; \u00fcber eine Minute dauern) oder die f\u00fcrs Speichern vorgesehenen Funktionen Ihres Internet-Browsers (Chrome, Firefox, Internet Explorer, Safari etc.), alternativ die Funktionen &#8220;Markieren&#8221;, &#8220;Kopieren&#8221; und &#8220;Einf\u00fcgen in Textdokument&#8221;&hellip;\n","protected":false},"author":7,"featured_media":0,"parent":0,"menu_order":0,"comment_status":"closed","ping_status":"closed","template":"","meta":{"footnotes":""},"wps_subtitle":"","_links":{"self":[{"href":"https:\/\/www.anwaltsprodukt.de\/berlin\/wp-json\/wp\/v2\/pages\/3155"}],"collection":[{"href":"https:\/\/www.anwaltsprodukt.de\/berlin\/wp-json\/wp\/v2\/pages"}],"about":[{"href":"https:\/\/www.anwaltsprodukt.de\/berlin\/wp-json\/wp\/v2\/types\/page"}],"author":[{"embeddable":true,"href":"https:\/\/www.anwaltsprodukt.de\/berlin\/wp-json\/wp\/v2\/users\/7"}],"replies":[{"embeddable":true,"href":"https:\/\/www.anwaltsprodukt.de\/berlin\/wp-json\/wp\/v2\/comments?post=3155"}],"version-history":[{"count":23,"href":"https:\/\/www.anwaltsprodukt.de\/berlin\/wp-json\/wp\/v2\/pages\/3155\/revisions"}],"predecessor-version":[{"id":3317,"href":"https:\/\/www.anwaltsprodukt.de\/berlin\/wp-json\/wp\/v2\/pages\/3155\/revisions\/3317"}],"wp:attachment":[{"href":"https:\/\/www.anwaltsprodukt.de\/berlin\/wp-json\/wp\/v2\/media?parent=3155"}],"curies":[{"name":"wp","href":"https:\/\/api.w.org\/{rel}","templated":true}]}}